{"id":205691,"date":"2021-09-17T18:40:07","date_gmt":"2021-09-17T18:40:07","guid":{"rendered":"https:\/\/www.cuebla.com.br\/?page_id=205691"},"modified":"2021-10-25T17:25:55","modified_gmt":"2021-10-25T17:25:55","slug":"205691-2","status":"publish","type":"page","link":"https:\/\/www.cuebla.com.br\/?page_id=205691","title":{"rendered":"Trof\u00e9u S\u00e3o Paulo"},"content":{"rendered":"\n[et_pb_section fb_built=&#8221;1&#8243; fullwidth=&#8221;on&#8221; _builder_version=&#8221;3.22&#8243;][et_pb_fullwidth_image src=&#8221;http:\/\/localhost\/wordpress\/wp-content\/uploads\/2019\/06\/topoinnerpages3.jpg&#8221; _builder_version=&#8221;3.15&#8243; use_background_color_gradient=&#8221;on&#8221; background_color_gradient_end=&#8221;#25219e&#8221; custom_margin=&#8221;||-11px|||&#8221;][\/et_pb_fullwidth_image][\/et_pb_section][et_pb_section fb_built=&#8221;1&#8243; _builder_version=&#8221;3.22&#8243;][et_pb_row _builder_version=&#8221;3.25&#8243; background_size=&#8221;initial&#8221; background_position=&#8221;top_left&#8221; background_repeat=&#8221;repeat&#8221;][et_pb_column type=&#8221;4_4&#8243; _builder_version=&#8221;3.25&#8243; custom_padding=&#8221;|||&#8221; custom_padding__hover=&#8221;|||&#8221;][et_pb_text _builder_version=&#8221;4.4.8&#8243;]<h2><strong>TROF\u00c9U S\u00c3O PAULO 21\/22<\/strong><\/h2>[\/et_pb_text][et_pb_divider color=&#8221;#016bc1&#8243; _builder_version=&#8221;3.15&#8243;][\/et_pb_divider][\/et_pb_column][\/et_pb_row][et_pb_row column_structure=&#8221;2_5,3_5&#8243; _builder_version=&#8221;3.25&#8243;][et_pb_column type=&#8221;2_5&#8243; _builder_version=&#8221;3.25&#8243; custom_padding=&#8221;|||&#8221; custom_padding__hover=&#8221;|||&#8221;][et_pb_image src=&#8221;http:\/\/www.cuebla.com.br\/wp-content\/uploads\/2021\/09\/logo-trofeu-sp-scaled.jpg&#8221; title_text=&#8221;logo trofeu sp&#8221; align_tablet=&#8221;center&#8221; align_phone=&#8221;&#8221; align_last_edited=&#8221;on|desktop&#8221; _builder_version=&#8221;4.4.8&#8243; max_width=&#8221;100%&#8221; animation_style=&#8221;zoom&#8221;][\/et_pb_image][\/et_pb_column][et_pb_column type=&#8221;3_5&#8243; _builder_version=&#8221;3.25&#8243; custom_padding=&#8221;|||&#8221; custom_padding__hover=&#8221;|||&#8221;][et_pb_text _builder_version=&#8221;4.4.8&#8243;]<p><span color=\"#003366\" style=\"color: #003366;\"><b>TROF\u00c9U S\u00c3O PAULO<\/b><\/span><\/p>\n<p>Categorias: SUB-09 \/ SUB-11 \/ SUB-13 SUB-15 \/ SUB-17 \/ SUB-20<\/p>\n<p><span style=\"font-size: 14px;\">Acompanhe os jogos e resultados, <a href=\"https:\/\/associacao-cuebla.ritmodoesporte.com.br\/futebol-de-campo\/trofeu-sao-paulo-2122\/1-edicao-ano-2021\/2731\" target=\"_blank\" rel=\"noopener noreferrer\">clique aqui<\/a>.<\/span>\u00a0<\/p>\n<p><span style=\"font-size: 14px;\">CONTATO :\u00a0 (11) 99110-0793 &#8211; cuebla@hotmail.com\u00a0<\/span><span style=\"font-size: 14px; color: #333333;\">\u00a0<\/span><\/p>\n<p><span style=\"font-size: 14px; color: #333333;\"><\/span><\/p>\n<div class=\"et_pb_slide_content\">\n<p><span style=\"font-size: 14px;\">\u00a0<\/span><\/p>\n<\/div>[\/et_pb_text][\/et_pb_column][\/et_pb_row][et_pb_row column_structure=&#8221;1_2,1_2&#8243; _builder_version=&#8221;4.4.8&#8243;][et_pb_column type=&#8221;1_2&#8243; _builder_version=&#8221;4.4.8&#8243;][et_pb_cta title=&#8221;Regulamento&#8221; button_text=&#8221;Cliques&#8221; _builder_version=&#8221;4.4.8&#8243; use_background_color=&#8221;off&#8221; background_layout=&#8221;light&#8221;]<p><a href=\"http:\/\/www.cuebla.com.br\/wp-content\/uploads\/2021\/09\/Regulamento-Trofeu-SP-21-22.pdf\"><img loading=\"lazy\" decoding=\"async\" src=\"http:\/\/www.cuebla.com.br\/wp-content\/uploads\/2021\/09\/pdf-icon2.png\" width=\"126\" height=\"122\" alt=\"\" class=\"wp-image-205708 alignnone size-full\" \/><\/a><\/p>[\/et_pb_cta][\/et_pb_column][et_pb_column type=&#8221;1_2&#8243; _builder_version=&#8221;4.4.8&#8243;][et_pb_cta title=&#8221;Taxas 21\/22&#8243; button_text=&#8221;Cliques&#8221; _builder_version=&#8221;4.4.8&#8243; use_background_color=&#8221;off&#8221; background_layout=&#8221;light&#8221;]<p><a href=\"http:\/\/www.cuebla.com.br\/wp-content\/uploads\/2021\/09\/TROFEU-SP-2021-convite.pdf\"><img loading=\"lazy\" decoding=\"async\" src=\"http:\/\/www.cuebla.com.br\/wp-content\/uploads\/2021\/09\/pdf-icon2.png\" width=\"126\" height=\"128\" alt=\"\" class=\"wp-image-205708 alignnone size-full\" \/><\/a><\/p>[\/et_pb_cta][\/et_pb_column][\/et_pb_row][et_pb_row column_structure=&#8221;1_5,3_5,1_5&#8243; _builder_version=&#8221;3.25&#8243; background_size=&#8221;initial&#8221; background_position=&#8221;top_left&#8221; background_repeat=&#8221;repeat&#8221;][et_pb_column type=&#8221;1_5&#8243; _builder_version=&#8221;3.25&#8243; custom_padding=&#8221;|||&#8221; custom_padding__hover=&#8221;|||&#8221;][\/et_pb_column][et_pb_column type=&#8221;3_5&#8243; _builder_version=&#8221;3.25&#8243; custom_padding=&#8221;|||&#8221; custom_padding__hover=&#8221;|||&#8221;][et_pb_text _builder_version=&#8221;4.4.8&#8243;]<p>A Associa\u00e7\u00e3o CUEBLA utiliza o sistema de gest\u00e3o de torneios Ritmo do Esporte, confira nossos eventos conclu\u00eddos e acompanhe os campeonatos em andamento.<\/p>[\/et_pb_text][\/et_pb_column][et_pb_column type=&#8221;1_5&#8243; _builder_version=&#8221;3.25&#8243; custom_padding=&#8221;|||&#8221; custom_padding__hover=&#8221;|||&#8221;][et_pb_image src=&#8221;http:\/\/www.cuebla.com.br\/wp-content\/uploads\/2020\/11\/logo_ritmo2.png&#8221; title_text=&#8221;logo_ritmo2&#8243; url=&#8221;https:\/\/associacao-cuebla.ritmodoesporte.com.br\/futebol-de-campo\/trofeu-sao-paulo-2122\/1-edicao-ano-2021\/2731&#8243; _builder_version=&#8221;4.4.8&#8243; width=&#8221;70%&#8221;][\/et_pb_image][\/et_pb_column][\/et_pb_row][\/et_pb_section]\n","protected":false},"excerpt":{"rendered":"","protected":false},"author":1,"featured_media":0,"parent":0,"menu_order":0,"comment_status":"closed","ping_status":"closed","template":"","meta":{"_et_pb_use_builder":"on","_et_pb_old_content":"","_et_gb_content_width":"","footnotes":""},"class_list":["post-205691","page","type-page","status-publish","hentry"],"_links":{"self":[{"href":"https:\/\/www.cuebla.com.br\/index.php?rest_route=\/wp\/v2\/pages\/205691","targetHints":{"allow":["GET"]}}],"collection":[{"href":"https:\/\/www.cuebla.com.br\/index.php?rest_route=\/wp\/v2\/pages"}],"about":[{"href":"https:\/\/www.cuebla.com.br\/index.php?rest_route=\/wp\/v2\/types\/page"}],"author":[{"embeddable":true,"href":"https:\/\/www.cuebla.com.br\/index.php?rest_route=\/wp\/v2\/users\/1"}],"replies":[{"embeddable":true,"href":"https:\/\/www.cuebla.com.br\/index.php?rest_route=%2Fwp%2Fv2%2Fcomments&post=205691"}],"version-history":[{"count":18,"href":"https:\/\/www.cuebla.com.br\/index.php?rest_route=\/wp\/v2\/pages\/205691\/revisions"}],"predecessor-version":[{"id":205738,"href":"https:\/\/www.cuebla.com.br\/index.php?rest_route=\/wp\/v2\/pages\/205691\/revisions\/205738"}],"wp:attachment":[{"href":"https:\/\/www.cuebla.com.br\/index.php?rest_route=%2Fwp%2Fv2%2Fmedia&parent=205691"}],"curies":[{"name":"wp","href":"https:\/\/api.w.org\/{rel}","templated":true}]}}