{"id":205458,"date":"2019-06-25T15:28:49","date_gmt":"2019-06-25T18:28:49","guid":{"rendered":"http:\/\/localhost\/wordpress\/?page_id=205458"},"modified":"2022-02-10T14:07:44","modified_gmt":"2022-02-10T14:07:44","slug":"copa-ouro","status":"publish","type":"page","link":"https:\/\/www.cuebla.com.br\/?page_id=205458","title":{"rendered":"Copa Ouro"},"content":{"rendered":"<p>[et_pb_section fb_built=&#8221;1&#8243; fullwidth=&#8221;on&#8221; _builder_version=&#8221;3.22&#8243;][et_pb_fullwidth_image src=&#8221;http:\/\/localhost\/wordpress\/wp-content\/uploads\/2019\/06\/topoinnerpages3.jpg&#8221; _builder_version=&#8221;3.15&#8243; use_background_color_gradient=&#8221;on&#8221; background_color_gradient_end=&#8221;#25219e&#8221; background_color_gradient_overlays_image=&#8221;on&#8221; mix_blend_mode=&#8221;multiply&#8221;][\/et_pb_fullwidth_image][\/et_pb_section][et_pb_section fb_built=&#8221;1&#8243; _builder_version=&#8221;3.22&#8243;][et_pb_row _builder_version=&#8221;3.25&#8243; background_size=&#8221;initial&#8221; background_position=&#8221;top_left&#8221; background_repeat=&#8221;repeat&#8221;][et_pb_column type=&#8221;4_4&#8243; _builder_version=&#8221;3.25&#8243; custom_padding=&#8221;|||&#8221; custom_padding__hover=&#8221;|||&#8221;][et_pb_text _builder_version=&#8221;3.27.4&#8243;]<\/p>\n<h2><strong>COPA OURO<\/strong><\/h2>\n<p>[\/et_pb_text][et_pb_divider color=&#8221;#016bc1&#8243; _builder_version=&#8221;3.15&#8243;][\/et_pb_divider][\/et_pb_column][\/et_pb_row][et_pb_row column_structure=&#8221;2_5,3_5&#8243; _builder_version=&#8221;3.25&#8243;][et_pb_column type=&#8221;2_5&#8243; _builder_version=&#8221;3.25&#8243; custom_padding=&#8221;|||&#8221; custom_padding__hover=&#8221;|||&#8221;][et_pb_image src=&#8221;http:\/\/www.cuebla.com.br\/wp-content\/uploads\/2021\/08\/Imagens-campeonatos-copa-ouro.jpg&#8221; title_text=&#8221;Imagens campeonatos &#8211; copa ouro&#8221; align_tablet=&#8221;center&#8221; align_phone=&#8221;&#8221; align_last_edited=&#8221;on|desktop&#8221; _builder_version=&#8221;4.4.8&#8243; max_width=&#8221;91%&#8221; animation_style=&#8221;zoom&#8221;][\/et_pb_image][\/et_pb_column][et_pb_column type=&#8221;3_5&#8243; _builder_version=&#8221;3.25&#8243; custom_padding=&#8221;|||&#8221; custom_padding__hover=&#8221;|||&#8221;][et_pb_text _builder_version=&#8221;3.27.4&#8243;]<\/p>\n<p>A Copa Ouro foi a primeira competi\u00e7\u00e3o criada pela Associa\u00e7\u00e3o CUEBLA em 2006 para substituir o antigo campeonato chamado FEAESP realizado pela entidade de mesmo nome. O torneio foi realizado pela CUEBLA at\u00e9 a 11\u00aa edi\u00e7\u00e3o no ano de 2017. No ano de 2019 a 12\u00aa Copa Ouro passou a ser realizada pelo Instituto Esporte e Cidadania, de forma incentivada atrav\u00e9s da Lei Paulista de Incentivo ao Esporte do Governo do Estado de SP, sendo a CUEBLA parceira do IEC na organiza\u00e7\u00e3o do evento.<\/p>\n<p>Confira os jogos da 13\u00aa edi\u00e7\u00e3o no site do IEC. <a href=\"http:\/\/esporteecidadania.com.br\/copaouro2022\/index.php\">Clique aqui<\/a>.<\/p>\n<p>&nbsp;<\/p>\n<p>[\/et_pb_text][\/et_pb_column][\/et_pb_row][et_pb_row _builder_version=&#8221;3.25&#8243; background_size=&#8221;initial&#8221; background_position=&#8221;top_left&#8221; background_repeat=&#8221;repeat&#8221;][et_pb_column type=&#8221;4_4&#8243; _builder_version=&#8221;3.25&#8243; custom_padding=&#8221;|||&#8221; custom_padding__hover=&#8221;|||&#8221;][\/et_pb_column][\/et_pb_row][\/et_pb_section]<\/p>\n","protected":false},"excerpt":{"rendered":"<p>[et_pb_section fb_built=&#8221;1&#8243; fullwidth=&#8221;on&#8221; _builder_version=&#8221;3.22&#8243;][et_pb_fullwidth_image src=&#8221;http:\/\/localhost\/wordpress\/wp-content\/uploads\/2019\/06\/topoinnerpages3.jpg&#8221; _builder_version=&#8221;3.15&#8243; use_background_color_gradient=&#8221;on&#8221; background_color_gradient_end=&#8221;#25219e&#8221; background_color_gradient_overlays_image=&#8221;on&#8221; mix_blend_mode=&#8221;multiply&#8221;][\/et_pb_fullwidth_image][\/et_pb_section][et_pb_section fb_built=&#8221;1&#8243; _builder_version=&#8221;3.22&#8243;][et_pb_row _builder_version=&#8221;3.25&#8243; background_size=&#8221;initial&#8221; background_position=&#8221;top_left&#8221; background_repeat=&#8221;repeat&#8221;][et_pb_column type=&#8221;4_4&#8243; _builder_version=&#8221;3.25&#8243; custom_padding=&#8221;|||&#8221; custom_padding__hover=&#8221;|||&#8221;][et_pb_text _builder_version=&#8221;3.27.4&#8243;] COPA OURO [\/et_pb_text][et_pb_divider color=&#8221;#016bc1&#8243; _builder_version=&#8221;3.15&#8243;][\/et_pb_divider][\/et_pb_column][\/et_pb_row][et_pb_row column_structure=&#8221;2_5,3_5&#8243; _builder_version=&#8221;3.25&#8243;][et_pb_column type=&#8221;2_5&#8243; _builder_version=&#8221;3.25&#8243; custom_padding=&#8221;|||&#8221; custom_padding__hover=&#8221;|||&#8221;][et_pb_image src=&#8221;http:\/\/www.cuebla.com.br\/wp-content\/uploads\/2021\/08\/Imagens-campeonatos-copa-ouro.jpg&#8221; title_text=&#8221;Imagens campeonatos &#8211; copa ouro&#8221; align_tablet=&#8221;center&#8221; align_phone=&#8221;&#8221; align_last_edited=&#8221;on|desktop&#8221; _builder_version=&#8221;4.4.8&#8243; max_width=&#8221;91%&#8221; animation_style=&#8221;zoom&#8221;][\/et_pb_image][\/et_pb_column][et_pb_column type=&#8221;3_5&#8243; _builder_version=&#8221;3.25&#8243; custom_padding=&#8221;|||&#8221; custom_padding__hover=&#8221;|||&#8221;][et_pb_text _builder_version=&#8221;3.27.4&#8243;] A Copa Ouro foi a primeira [&hellip;]<\/p>\n","protected":false},"author":1,"featured_media":0,"parent":0,"menu_order":0,"comment_status":"closed","ping_status":"closed","template":"","meta":{"_et_pb_use_builder":"on","_et_pb_old_content":"","_et_gb_content_width":"","footnotes":""},"class_list":["post-205458","page","type-page","status-publish","hentry"],"_links":{"self":[{"href":"https:\/\/www.cuebla.com.br\/index.php?rest_route=\/wp\/v2\/pages\/205458","targetHints":{"allow":["GET"]}}],"collection":[{"href":"https:\/\/www.cuebla.com.br\/index.php?rest_route=\/wp\/v2\/pages"}],"about":[{"href":"https:\/\/www.cuebla.com.br\/index.php?rest_route=\/wp\/v2\/types\/page"}],"author":[{"embeddable":true,"href":"https:\/\/www.cuebla.com.br\/index.php?rest_route=\/wp\/v2\/users\/1"}],"replies":[{"embeddable":true,"href":"https:\/\/www.cuebla.com.br\/index.php?rest_route=%2Fwp%2Fv2%2Fcomments&post=205458"}],"version-history":[{"count":2,"href":"https:\/\/www.cuebla.com.br\/index.php?rest_route=\/wp\/v2\/pages\/205458\/revisions"}],"predecessor-version":[{"id":205756,"href":"https:\/\/www.cuebla.com.br\/index.php?rest_route=\/wp\/v2\/pages\/205458\/revisions\/205756"}],"wp:attachment":[{"href":"https:\/\/www.cuebla.com.br\/index.php?rest_route=%2Fwp%2Fv2%2Fmedia&parent=205458"}],"curies":[{"name":"wp","href":"https:\/\/api.w.org\/{rel}","templated":true}]}}