{"id":205454,"date":"2019-06-25T15:24:34","date_gmt":"2019-06-25T18:24:34","guid":{"rendered":"http:\/\/localhost\/wordpress\/?page_id=205454"},"modified":"2025-03-24T14:23:14","modified_gmt":"2025-03-24T14:23:14","slug":"campeonato-cuebla","status":"publish","type":"page","link":"https:\/\/www.cuebla.com.br\/?page_id=205454","title":{"rendered":"Campeonato CUEBLA"},"content":{"rendered":"<p>[et_pb_section fb_built=&#8221;1&#8243; fullwidth=&#8221;on&#8221; _builder_version=&#8221;3.22&#8243;][et_pb_fullwidth_image src=&#8221;http:\/\/localhost\/wordpress\/wp-content\/uploads\/2019\/06\/topoinnerpages3.jpg&#8221; _builder_version=&#8221;3.15&#8243; use_background_color_gradient=&#8221;on&#8221; background_color_gradient_end=&#8221;#25219e&#8221;][\/et_pb_fullwidth_image][\/et_pb_section][et_pb_section fb_built=&#8221;1&#8243; _builder_version=&#8221;3.22&#8243;][et_pb_row _builder_version=&#8221;3.25&#8243; background_size=&#8221;initial&#8221; background_position=&#8221;top_left&#8221; background_repeat=&#8221;repeat&#8221;][et_pb_column type=&#8221;4_4&#8243; _builder_version=&#8221;3.25&#8243; custom_padding=&#8221;|||&#8221; custom_padding__hover=&#8221;|||&#8221;][et_pb_text _builder_version=&#8221;3.27.4&#8243;]<\/p>\n<h2><strong>CAMPEONATO CUEBLA 2025<\/strong><\/h2>\n<p>[\/et_pb_text][et_pb_divider color=&#8221;#016bc1&#8243; _builder_version=&#8221;3.15&#8243;][\/et_pb_divider][\/et_pb_column][\/et_pb_row][et_pb_row column_structure=&#8221;2_5,3_5&#8243; _builder_version=&#8221;3.25&#8243;][et_pb_column type=&#8221;2_5&#8243; _builder_version=&#8221;3.25&#8243; custom_padding=&#8221;|||&#8221; custom_padding__hover=&#8221;|||&#8221;][et_pb_image src=&#8221;http:\/\/www.cuebla.com.br\/wp-content\/uploads\/2023\/01\/campeonatocuebla2023-logo.jpg&#8221; title_text=&#8221;campeonatocuebla2023 logo&#8221; _builder_version=&#8221;4.4.8&#8243;][\/et_pb_image][\/et_pb_column][et_pb_column type=&#8221;3_5&#8243; _builder_version=&#8221;3.25&#8243; custom_padding=&#8221;|||&#8221; custom_padding__hover=&#8221;|||&#8221;][et_pb_text _builder_version=&#8221;3.27.4&#8243;]<\/p>\n<p><span style=\"color: #e02b20;\"><em><strong>Campeonato CUEBLA<\/strong><\/em><\/span><\/p>\n<p>O torneio que leva o nome da Associa\u00e7\u00e3o \u00e9 realizado de agosto a dezembro e contempla atletas de 8 a 16 anos. Realizado desde 2008, a competi\u00e7\u00e3o chega \u00e0 16\u00aa edi\u00e7\u00e3o no ano de 2025. Tradicionalmente a Associa\u00e7\u00e3o CUEBLA premia as equipes finalistas com trof\u00e9us suntuosos que j\u00e1 se tornaram um marco nas competi\u00e7\u00f5es da entidade.<\/p>\n<p>[\/et_pb_text][et_pb_text _builder_version=&#8221;4.4.8&#8243; custom_padding=&#8221;||0px|||&#8221;]<\/p>\n<p><strong><\/strong><\/p>\n<p><strong>Informa\u00e7\u00f5es importantes:<\/strong><\/p>\n<p>\u00a0As inscri\u00e7\u00f5es dos atletas e atualiza\u00e7\u00f5es dos resultados ser\u00e3o feitos atrav\u00e9s do aplicativo de gest\u00e3o de campeonatos Ritmo do Esporte (o acesso ser\u00e1 disponibilizado ap\u00f3s o t\u00e9rmino das inscri\u00e7\u00f5es das equipes).<\/p>\n<p>\u00a0<strong style=\"font-size: 14px;\">Telefone para contato:\u00a0 99110-0793 whatsapp<\/strong><\/p>\n<p>E-mail: cuebla@hotmail.com<strong style=\"font-size: 14px;\"><\/strong><\/p>\n<p>&nbsp;<\/p>\n<p><strong><\/strong><\/p>\n<p>&nbsp;<\/p>\n<h3><strong style=\"font-size: 14px; color: #666666;\"><\/strong><\/h3>\n<p>&nbsp;<\/p>\n<p>[\/et_pb_text][\/et_pb_column][\/et_pb_row][et_pb_row column_structure=&#8221;2_5,3_5&#8243; _builder_version=&#8221;4.4.8&#8243;][et_pb_column type=&#8221;2_5&#8243; _builder_version=&#8221;4.4.8&#8243;][et_pb_image src=&#8221;http:\/\/www.cuebla.com.br\/wp-content\/uploads\/2021\/07\/Finais_CUEBLA_2018-1.jpg&#8221; title_text=&#8221;Finais_CUEBLA_2018 (1)&#8221; _builder_version=&#8221;4.4.8&#8243;][\/et_pb_image][\/et_pb_column][et_pb_column type=&#8221;3_5&#8243; _builder_version=&#8221;4.4.8&#8243;][et_pb_tabs _builder_version=&#8221;4.4.8&#8243; hover_enabled=&#8221;0&#8243;][et_pb_tab title=&#8221;Informa\u00e7\u00f5es para inscri\u00e7\u00f5es&#8221; _builder_version=&#8221;4.4.8&#8243; hover_enabled=&#8221;0&#8243;]<\/p>\n<p>Confira todas as informa\u00e7\u00f5es sobre o Campeonato CUEBLA 2025 no Boletim Oficial #1 &#8211; <a href=\"http:\/\/www.cuebla.com.br\/wp-content\/uploads\/2025\/03\/BO-01-2025.pdf\" rel=\"attachment wp-att-205905\">BO-01-2025<\/a><\/p>\n<p>Para se inscrever basta baixar o arquivo com a ficha de inscri\u00e7\u00e3o, preencher e enviar para o e-mail <a href=\"mailto:cuebla@hotmail.com\">cuebla@hotmail.com<\/a>\u00a0&#8211; link para baixar o arquivo &#8211; <a href=\"http:\/\/www.cuebla.com.br\/wp-content\/uploads\/2025\/03\/CUEBLA-2025-INSCRICAO.doc\" rel=\"attachment wp-att-205906\">CUEBLA-2025-INSCRICAO<\/a><\/p>\n<p>[\/et_pb_tab][\/et_pb_tabs][\/et_pb_column][\/et_pb_row][\/et_pb_section]<\/p>\n","protected":false},"excerpt":{"rendered":"<p>[et_pb_section fb_built=&#8221;1&#8243; fullwidth=&#8221;on&#8221; _builder_version=&#8221;3.22&#8243;][et_pb_fullwidth_image src=&#8221;http:\/\/localhost\/wordpress\/wp-content\/uploads\/2019\/06\/topoinnerpages3.jpg&#8221; _builder_version=&#8221;3.15&#8243; use_background_color_gradient=&#8221;on&#8221; background_color_gradient_end=&#8221;#25219e&#8221;][\/et_pb_fullwidth_image][\/et_pb_section][et_pb_section fb_built=&#8221;1&#8243; _builder_version=&#8221;3.22&#8243;][et_pb_row _builder_version=&#8221;3.25&#8243; background_size=&#8221;initial&#8221; background_position=&#8221;top_left&#8221; background_repeat=&#8221;repeat&#8221;][et_pb_column type=&#8221;4_4&#8243; _builder_version=&#8221;3.25&#8243; custom_padding=&#8221;|||&#8221; custom_padding__hover=&#8221;|||&#8221;][et_pb_text _builder_version=&#8221;3.27.4&#8243;] CAMPEONATO CUEBLA 2025 [\/et_pb_text][et_pb_divider color=&#8221;#016bc1&#8243; _builder_version=&#8221;3.15&#8243;][\/et_pb_divider][\/et_pb_column][\/et_pb_row][et_pb_row column_structure=&#8221;2_5,3_5&#8243; _builder_version=&#8221;3.25&#8243;][et_pb_column type=&#8221;2_5&#8243; _builder_version=&#8221;3.25&#8243; custom_padding=&#8221;|||&#8221; custom_padding__hover=&#8221;|||&#8221;][et_pb_image src=&#8221;http:\/\/www.cuebla.com.br\/wp-content\/uploads\/2023\/01\/campeonatocuebla2023-logo.jpg&#8221; title_text=&#8221;campeonatocuebla2023 logo&#8221; _builder_version=&#8221;4.4.8&#8243;][\/et_pb_image][\/et_pb_column][et_pb_column type=&#8221;3_5&#8243; _builder_version=&#8221;3.25&#8243; custom_padding=&#8221;|||&#8221; custom_padding__hover=&#8221;|||&#8221;][et_pb_text _builder_version=&#8221;3.27.4&#8243;] Campeonato CUEBLA O torneio que leva o nome da Associa\u00e7\u00e3o \u00e9 realizado de agosto a [&hellip;]<\/p>\n","protected":false},"author":1,"featured_media":0,"parent":0,"menu_order":0,"comment_status":"closed","ping_status":"closed","template":"","meta":{"_et_pb_use_builder":"on","_et_pb_old_content":"","_et_gb_content_width":"","footnotes":""},"class_list":["post-205454","page","type-page","status-publish","hentry"],"_links":{"self":[{"href":"https:\/\/www.cuebla.com.br\/index.php?rest_route=\/wp\/v2\/pages\/205454","targetHints":{"allow":["GET"]}}],"collection":[{"href":"https:\/\/www.cuebla.com.br\/index.php?rest_route=\/wp\/v2\/pages"}],"about":[{"href":"https:\/\/www.cuebla.com.br\/index.php?rest_route=\/wp\/v2\/types\/page"}],"author":[{"embeddable":true,"href":"https:\/\/www.cuebla.com.br\/index.php?rest_route=\/wp\/v2\/users\/1"}],"replies":[{"embeddable":true,"href":"https:\/\/www.cuebla.com.br\/index.php?rest_route=%2Fwp%2Fv2%2Fcomments&post=205454"}],"version-history":[{"count":37,"href":"https:\/\/www.cuebla.com.br\/index.php?rest_route=\/wp\/v2\/pages\/205454\/revisions"}],"predecessor-version":[{"id":205907,"href":"https:\/\/www.cuebla.com.br\/index.php?rest_route=\/wp\/v2\/pages\/205454\/revisions\/205907"}],"wp:attachment":[{"href":"https:\/\/www.cuebla.com.br\/index.php?rest_route=%2Fwp%2Fv2%2Fmedia&parent=205454"}],"curies":[{"name":"wp","href":"https:\/\/api.w.org\/{rel}","templated":true}]}}