{"id":180,"date":"2019-05-23T14:29:35","date_gmt":"2019-05-23T17:29:35","guid":{"rendered":"http:\/\/localhost\/wordpress\/?page_id=180"},"modified":"2019-05-23T14:29:35","modified_gmt":"2019-05-23T17:29:35","slug":"sobre-a-cuebla","status":"publish","type":"page","link":"https:\/\/www.cuebla.com.br\/?page_id=180","title":{"rendered":"Sobre a CUEBLA"},"content":{"rendered":"<p>[et_pb_section bb_built=&#8221;1&#8243; fullwidth=&#8221;on&#8221; _builder_version=&#8221;3.0.47&#8243; next_background_color=&#8221;#000000&#8243;][et_pb_fullwidth_image src=&#8221;http:\/\/localhost\/wordpress\/wp-content\/uploads\/2019\/05\/topo-azul-1.jpg&#8221; _builder_version=&#8221;3.15&#8243; use_background_color_gradient=&#8221;on&#8221; background_color_gradient_end=&#8221;#25219e&#8221;]<\/p>\n<p>&nbsp;<\/p>\n<p>[\/et_pb_fullwidth_image][\/et_pb_section][et_pb_section bb_built=&#8221;1&#8243; _builder_version=&#8221;3.0.47&#8243; prev_background_color=&#8221;#000000&#8243;][et_pb_row _builder_version=&#8221;3.0.48&#8243; background_size=&#8221;initial&#8221; background_position=&#8221;top_left&#8221; background_repeat=&#8221;repeat&#8221;][et_pb_column type=&#8221;4_4&#8243;][et_pb_post_title meta=&#8221;off&#8221; featured_image=&#8221;off&#8221; _builder_version=&#8221;3.15&#8243;]<\/p>\n<p>&nbsp;<\/p>\n<p>[\/et_pb_post_title][et_pb_divider _builder_version=&#8221;3.15&#8243; \/][et_pb_text _builder_version=&#8221;3.15&#8243;]<\/p>\n<p>A Associa\u00e7\u00e3o Cidade Unida pelo Esporte de Bases e Ligas Amadoras \u00e9 uma entidade ligada ao futebol de categorias de base na cidade de S\u00e3o Paulo e se destaca pela atua\u00e7\u00e3o em \u00e1reas de m\u00e9dia e alta vulnerabilidade social, sendo organizadora de diversos campeonatos para crian\u00e7as e adolescentes nas mais diversas comunidades de S\u00e3o Paulo. A entidade realiza in\u00fameros campeonatos com equipes de futebol de base, infanto-juvenil, e amadoras em pra\u00e7as esportivas espalhadas por toda a cidade e em alguns casos, at\u00e9 mesmo, no interior do estado. Devido a este motivo e por estar em contato direto com diferentes comunidades e locais, atuamos nas especificidades de cada \u00e1rea, oferecendo competi\u00e7\u00f5es com caracter\u00edsticas exclusivas para diversos segmentos da sociedade. Citando como exemplo de nossa atua\u00e7\u00e3o, somos os realizadores dos campeonatos Copa Uni\u00e3o, Copa Paulistana e Copa Ouro de Futebol Infanto Juvenil\u00a0, o Campeonato CUEBLA de Futebol de Base e o Campeonato Municipal de Base que conta com a participa\u00e7\u00e3o de mais de dez mil pessoas.<\/p>\n<p>Por meio de nossas competi\u00e7\u00f5es diversos jogadores tornaram-se profissionais jogando em alto n\u00edvel sendo selecionados por grandes equipes do Brasil e do exterior, outros, que n\u00e3o tiveram a mesma oportunidade foram incentivados por meio de nossas a\u00e7\u00f5es a se tornarem membros de comiss\u00f5es t\u00e9cnicas, \u00e1rbitros de futebol e diferentes fun\u00e7\u00f5es no meio esportivo.<br \/>\nPalestras e cl\u00ednicas oferecidas por profissionais da modalidade e especialistas do esporte \u00e0 diretores, t\u00e9cnicos e atletas das equipes participantes abordam assuntos do cotidiano das comunidades e que influenciam diretamente na vida e na forma\u00e7\u00e3o do ser humano.<\/p>\n<p>[\/et_pb_text][et_pb_cta button_url=&#8221;#&#8221; button_text=&#8221;Baixar a Ata e o Estatudo&#8221; _builder_version=&#8221;3.15&#8243; background_color=&#8221;#0b27c6&#8243; animation_style=&#8221;fold&#8221; \/][\/et_pb_column][\/et_pb_row][\/et_pb_section]<\/p>\n","protected":false},"excerpt":{"rendered":"<p>[et_pb_section bb_built=&#8221;1&#8243; fullwidth=&#8221;on&#8221; _builder_version=&#8221;3.0.47&#8243; next_background_color=&#8221;#000000&#8243;][et_pb_fullwidth_image src=&#8221;http:\/\/localhost\/wordpress\/wp-content\/uploads\/2019\/05\/topo-azul-1.jpg&#8221; _builder_version=&#8221;3.15&#8243; use_background_color_gradient=&#8221;on&#8221; background_color_gradient_end=&#8221;#25219e&#8221;] &nbsp; [\/et_pb_fullwidth_image][\/et_pb_section][et_pb_section bb_built=&#8221;1&#8243; _builder_version=&#8221;3.0.47&#8243; prev_background_color=&#8221;#000000&#8243;][et_pb_row _builder_version=&#8221;3.0.48&#8243; background_size=&#8221;initial&#8221; background_position=&#8221;top_left&#8221; background_repeat=&#8221;repeat&#8221;][et_pb_column type=&#8221;4_4&#8243;][et_pb_post_title meta=&#8221;off&#8221; featured_image=&#8221;off&#8221; _builder_version=&#8221;3.15&#8243;] &nbsp; [\/et_pb_post_title][et_pb_divider _builder_version=&#8221;3.15&#8243; \/][et_pb_text _builder_version=&#8221;3.15&#8243;] A Associa\u00e7\u00e3o Cidade Unida pelo Esporte de Bases e Ligas Amadoras \u00e9 uma entidade ligada ao futebol de categorias de base na cidade de S\u00e3o Paulo e se [&hellip;]<\/p>\n","protected":false},"author":1,"featured_media":0,"parent":0,"menu_order":0,"comment_status":"closed","ping_status":"closed","template":"","meta":{"_et_pb_use_builder":"on","_et_pb_old_content":"<p>A Associa\u00e7\u00e3o Cidade Unida pelo Esporte de Bases e Ligas Amadoras \u00e9 uma entidade ligada ao futebol de categorias de base na cidade de S\u00e3o Paulo e se destaca pela atua\u00e7\u00e3o em \u00e1reas de m\u00e9dia e alta vulnerabilidade social, sendo organizadora de diversos campeonatos para crian\u00e7as e adolescentes nas mais diversas comunidades de S\u00e3o Paulo. A entidade realiza in\u00fameros campeonatos com equipes de futebol de base, infanto-juvenil, e amadoras em pra\u00e7as esportivas espalhadas por toda a cidade e em alguns casos, at\u00e9 mesmo, no interior do estado. Devido a este motivo e por estar em contato direto com diferentes comunidades e locais, atuamos nas especificidades de cada \u00e1rea, oferecendo competi\u00e7\u00f5es com caracter\u00edsticas exclusivas para diversos segmentos da sociedade. Citando como exemplo de nossa atua\u00e7\u00e3o, somos os realizadores dos campeonatos Copa Uni\u00e3o, Copa Paulistana e Copa Ouro de Futebol Infanto Juvenil\u00a0, o Campeonato CUEBLA de Futebol de Base e o Campeonato Municipal de Base que conta com a participa\u00e7\u00e3o de mais de dez mil pessoas.\u00a0<\/p><p>Por meio de nossas competi\u00e7\u00f5es diversos jogadores tornaram-se profissionais jogando em alto n\u00edvel sendo selecionados por grandes equipes do Brasil e do exterior, outros, que n\u00e3o tiveram a mesma oportunidade foram incentivados por meio de nossas a\u00e7\u00f5es a se tornarem membros de comiss\u00f5es t\u00e9cnicas, \u00e1rbitros de futebol e diferentes fun\u00e7\u00f5es no meio esportivo.<br \/>Palestras e cl\u00ednicas oferecidas por profissionais da modalidade e especialistas do esporte \u00e0 diretores, t\u00e9cnicos e atletas das equipes participantes abordam assuntos do cotidiano das comunidades e que influenciam diretamente na vida e na forma\u00e7\u00e3o do ser humano.<\/p>","_et_gb_content_width":"","footnotes":""},"class_list":["post-180","page","type-page","status-publish","hentry"],"_links":{"self":[{"href":"https:\/\/www.cuebla.com.br\/index.php?rest_route=\/wp\/v2\/pages\/180","targetHints":{"allow":["GET"]}}],"collection":[{"href":"https:\/\/www.cuebla.com.br\/index.php?rest_route=\/wp\/v2\/pages"}],"about":[{"href":"https:\/\/www.cuebla.com.br\/index.php?rest_route=\/wp\/v2\/types\/page"}],"author":[{"embeddable":true,"href":"https:\/\/www.cuebla.com.br\/index.php?rest_route=\/wp\/v2\/users\/1"}],"replies":[{"embeddable":true,"href":"https:\/\/www.cuebla.com.br\/index.php?rest_route=%2Fwp%2Fv2%2Fcomments&post=180"}],"version-history":[{"count":0,"href":"https:\/\/www.cuebla.com.br\/index.php?rest_route=\/wp\/v2\/pages\/180\/revisions"}],"wp:attachment":[{"href":"https:\/\/www.cuebla.com.br\/index.php?rest_route=%2Fwp%2Fv2%2Fmedia&parent=180"}],"curies":[{"name":"wp","href":"https:\/\/api.w.org\/{rel}","templated":true}]}}